{"id":3464,"date":"2023-07-29T15:28:04","date_gmt":"2023-07-29T19:28:04","guid":{"rendered":"https:\/\/capillairelavallee.com\/?page_id=3464"},"modified":"2023-07-29T15:30:06","modified_gmt":"2023-07-29T19:30:06","slug":"about-carole","status":"publish","type":"page","link":"https:\/\/capillairelavallee.com\/fr\/a-propos-de-carole","title":{"rendered":"\u00c0 propos de Carole"},"content":{"rendered":"<div data-elementor-type=\"wp-page\" data-elementor-id=\"3464\" class=\"elementor elementor-3464\">\n\t\t\t\t\t\t<section class=\"elementor-section elementor-top-section elementor-element elementor-element-0ae3f4b elementor-section-boxed elementor-section-height-default elementor-section-height-default\" data-id=\"0ae3f4b\" data-element_type=\"section\" data-e-type=\"section\">\n\t\t\t\t\t\t<div class=\"elementor-container elementor-column-gap-no\">\n\t\t\t\t\t<div class=\"elementor-column elementor-col-100 elementor-top-column elementor-element elementor-element-4edf4c9\" data-id=\"4edf4c9\" data-element_type=\"column\" data-e-type=\"column\">\n\t\t\t<div class=\"elementor-widget-wrap elementor-element-populated\">\n\t\t\t\t\t\t<div class=\"elementor-element elementor-element-21e08cc elementor-widget elementor-widget-heading\" data-id=\"21e08cc\" data-element_type=\"widget\" data-e-type=\"widget\" data-widget_type=\"heading.default\">\n\t\t\t\t<div class=\"elementor-widget-container\">\n\t\t\t\t\t<h2 class=\"elementor-heading-title elementor-size-default\">\u00c0 propos de Carole<\/h2>\t\t\t\t<\/div>\n\t\t\t\t<\/div>\n\t\t\t\t\t<\/div>\n\t\t<\/div>\n\t\t\t\t\t<\/div>\n\t\t<\/section>\n\t\t\t\t<section class=\"elementor-section elementor-top-section elementor-element elementor-element-358ce4f elementor-section-boxed elementor-section-height-default elementor-section-height-default\" data-id=\"358ce4f\" data-element_type=\"section\" data-e-type=\"section\">\n\t\t\t\t\t\t<div class=\"elementor-container elementor-column-gap-no\">\n\t\t\t\t\t<div class=\"elementor-column elementor-col-50 elementor-top-column elementor-element elementor-element-bd00012\" data-id=\"bd00012\" data-element_type=\"column\" data-e-type=\"column\">\n\t\t\t<div class=\"elementor-widget-wrap elementor-element-populated\">\n\t\t\t\t\t\t<div class=\"elementor-element elementor-element-7f035fe elementor-hidden-mobile elementor-widget elementor-widget-image\" data-id=\"7f035fe\" data-element_type=\"widget\" data-e-type=\"widget\" data-widget_type=\"image.default\">\n\t\t\t\t<div class=\"elementor-widget-container\">\n\t\t\t\t\t\t\t\t\t\t\t\t\t\t\t<img fetchpriority=\"high\" decoding=\"async\" width=\"1024\" height=\"768\" src=\"https:\/\/capillairelavallee.com\/wp-content\/uploads\/2022\/02\/Carole4-1024x768.jpg\" class=\"attachment-large size-large wp-image-2949\" alt=\"\" srcset=\"https:\/\/capillairelavallee.com\/wp-content\/uploads\/2022\/02\/Carole4-1024x768.jpg.webp 1024w, https:\/\/capillairelavallee.com\/wp-content\/uploads\/2022\/02\/Carole4-300x225.jpg.webp 300w, https:\/\/capillairelavallee.com\/wp-content\/uploads\/2022\/02\/Carole4-768x576.jpg.webp 768w, https:\/\/capillairelavallee.com\/wp-content\/uploads\/2022\/02\/Carole4-1536x1152.jpg.webp 1536w, https:\/\/capillairelavallee.com\/wp-content\/uploads\/2022\/02\/Carole4-2048x1536.jpg.webp 2048w, https:\/\/capillairelavallee.com\/wp-content\/uploads\/2022\/02\/Carole4-16x12.jpg.webp 16w\" sizes=\"(max-width: 1024px) 100vw, 1024px\" \/>\t\t\t\t\t\t\t\t\t\t\t\t\t\t\t<\/div>\n\t\t\t\t<\/div>\n\t\t\t\t<div class=\"elementor-element elementor-element-2cfde7d elementor-hidden-desktop elementor-hidden-tablet elementor-widget elementor-widget-image\" data-id=\"2cfde7d\" data-element_type=\"widget\" data-e-type=\"widget\" data-widget_type=\"image.default\">\n\t\t\t\t<div class=\"elementor-widget-container\">\n\t\t\t\t\t\t\t\t\t\t\t\t\t\t\t<img decoding=\"async\" width=\"768\" height=\"1024\" src=\"https:\/\/capillairelavallee.com\/wp-content\/uploads\/2022\/04\/Carole-768x1024.png\" class=\"attachment-large size-large wp-image-3012\" alt=\"\" srcset=\"https:\/\/capillairelavallee.com\/wp-content\/uploads\/2022\/04\/Carole-768x1024.png.webp 768w, https:\/\/capillairelavallee.com\/wp-content\/uploads\/2022\/04\/Carole-225x300.png.webp 225w, https:\/\/capillairelavallee.com\/wp-content\/uploads\/2022\/04\/Carole-1152x1536.png.webp 1152w, https:\/\/capillairelavallee.com\/wp-content\/uploads\/2022\/04\/Carole-9x12.png.webp 9w, https:\/\/capillairelavallee.com\/wp-content\/uploads\/2022\/04\/Carole.png.webp 1510w\" sizes=\"(max-width: 768px) 100vw, 768px\" \/>\t\t\t\t\t\t\t\t\t\t\t\t\t\t\t<\/div>\n\t\t\t\t<\/div>\n\t\t\t\t\t<\/div>\n\t\t<\/div>\n\t\t\t\t<div class=\"elementor-column elementor-col-50 elementor-top-column elementor-element elementor-element-31943ac\" data-id=\"31943ac\" data-element_type=\"column\" data-e-type=\"column\">\n\t\t\t<div class=\"elementor-widget-wrap elementor-element-populated\">\n\t\t\t\t\t\t<div class=\"elementor-element elementor-element-d4d2cf9 elementor-widget elementor-widget-heading\" data-id=\"d4d2cf9\" data-element_type=\"widget\" data-e-type=\"widget\" data-widget_type=\"heading.default\">\n\t\t\t\t<div class=\"elementor-widget-container\">\n\t\t\t\t\t<h4 class=\"elementor-heading-title elementor-size-default\">Carole Lavall\u00e9<\/h4>\t\t\t\t<\/div>\n\t\t\t\t<\/div>\n\t\t\t\t<div class=\"elementor-element elementor-element-5e55197 elementor-widget elementor-widget-heading\" data-id=\"5e55197\" data-element_type=\"widget\" data-e-type=\"widget\" data-widget_type=\"heading.default\">\n\t\t\t\t<div class=\"elementor-widget-container\">\n\t\t\t\t\t<h5 class=\"elementor-heading-title elementor-size-default\">Sp\u00e9cialiste experte en remplacement de cheveux, sp\u00e9cialiste en cheveux synth\u00e9tiques et r\u00e9parations<\/h5>\t\t\t\t<\/div>\n\t\t\t\t<\/div>\n\t\t\t\t<div class=\"elementor-element elementor-element-a640de5 elementor-widget elementor-widget-text-editor\" data-id=\"a640de5\" data-element_type=\"widget\" data-e-type=\"widget\" data-widget_type=\"text-editor.default\">\n\t\t\t\t<div class=\"elementor-widget-container\">\n\t\t\t\t\t\t\t\t\t<p>Carole a \u00e9t\u00e9 dipl\u00f4m\u00e9e en coiffure de Rolande St. Germain \u00e0 16 ans. Carole a ensuite travaill\u00e9 pour des salons bien connus; Cam\u00e9l\u00e9on &amp; Danbec. Il y a 30 ans, Carole a concr\u00e9tis\u00e9 sa passion et a ouvert son propre salon \u2013 Carole Lavall\u00e9e Capillaire.\u00a0<\/p>\t\t\t\t\t\t\t\t<\/div>\n\t\t\t\t<\/div>\n\t\t\t\t<div class=\"elementor-element elementor-element-a8c5b0a elementor-widget elementor-widget-text-editor\" data-id=\"a8c5b0a\" data-element_type=\"widget\" data-e-type=\"widget\" data-widget_type=\"text-editor.default\">\n\t\t\t\t<div class=\"elementor-widget-container\">\n\t\t\t\t\t\t\t\t\t<p>Carole est une sp\u00e9cialiste experte en remplacement de cheveux et se sp\u00e9cialise dans la coupe et le coiffage des unit\u00e9s de cheveux synth\u00e9tiques, les r\u00e9parations, l'entretien et l'installation de m\u00e8ches de cheveux.\u00a0<\/p>\t\t\t\t\t\t\t\t<\/div>\n\t\t\t\t<\/div>\n\t\t\t\t<div class=\"elementor-element elementor-element-fb4c7de elementor-widget elementor-widget-text-editor\" data-id=\"fb4c7de\" data-element_type=\"widget\" data-e-type=\"widget\" data-widget_type=\"text-editor.default\">\n\t\t\t\t<div class=\"elementor-widget-container\">\n\t\t\t\t\t\t\t\t\t<p>Carole retrouve le bonheur \u00e0 repr\u00e9senter son talent extraordinaire dans tout ce qu'elle cr\u00e9e - du moment o\u00f9 elle rencontre ses clients jusqu'au moment o\u00f9 ils sortent, pleinement satisfaits de leur look.<\/p>\t\t\t\t\t\t\t\t<\/div>\n\t\t\t\t<\/div>\n\t\t\t\t<div class=\"elementor-element elementor-element-3c68d8d elementor-widget elementor-widget-text-editor\" data-id=\"3c68d8d\" data-element_type=\"widget\" data-e-type=\"widget\" data-widget_type=\"text-editor.default\">\n\t\t\t\t<div class=\"elementor-widget-container\">\n\t\t\t\t\t\t\t\t\t<p>Langues parl\u00e9es : anglais et fran\u00e7ais<\/p>\t\t\t\t\t\t\t\t<\/div>\n\t\t\t\t<\/div>\n\t\t\t\t\t<\/div>\n\t\t<\/div>\n\t\t\t\t\t<\/div>\n\t\t<\/section>\n\t\t\t\t<\/div>","protected":false},"excerpt":{"rendered":"<p>About Carole Carole Lavall\u00e9 Expert Hair Replacement Specialist, Synthetic Hair Specialist and Repairs Carole graduated in Hairdressing from Rolande St. Germain at 16 years old, and went on to work for some well known salons &#8211; Cameleon &amp; Danbec. 30 years ago, she materialized her passion and opened up her own salon &#8211; Carole Lavallee [&hellip;]<\/p>\n","protected":false},"author":1,"featured_media":0,"parent":0,"menu_order":0,"comment_status":"closed","ping_status":"closed","template":"","meta":{"iawp_total_views":882,"footnotes":""},"class_list":["post-3464","page","type-page","status-publish","hentry"],"blocksy_meta":[],"yoast_head":"<!-- This site is optimized with the Yoast SEO plugin v27.4 - https:\/\/yoast.com\/product\/yoast-seo-wordpress\/ -->\n<title>About Carole - Clinic Capillaire Lavallee<\/title>\n<meta name=\"robots\" content=\"index, follow, max-snippet:-1, max-image-preview:large, max-video-preview:-1\" \/>\n<link rel=\"canonical\" href=\"https:\/\/capillairelavallee.com\/fr\/a-propos-de-carole\/\" \/>\n<meta property=\"og:locale\" content=\"fr_CA\" \/>\n<meta property=\"og:type\" content=\"article\" \/>\n<meta property=\"og:title\" content=\"About Carole - Clinic Capillaire Lavallee\" \/>\n<meta property=\"og:description\" content=\"About Carole Carole Lavall\u00e9 Expert Hair Replacement Specialist, Synthetic Hair Specialist and Repairs Carole graduated in Hairdressing from Rolande St. Germain at 16 years old, and went on to work for some well known salons &#8211; Cameleon &amp; Danbec. 30 years ago, she materialized her passion and opened up her own salon &#8211; Carole Lavallee [&hellip;]\" \/>\n<meta property=\"og:url\" content=\"https:\/\/capillairelavallee.com\/fr\/a-propos-de-carole\/\" \/>\n<meta property=\"og:site_name\" content=\"Clinic Capillaire Lavallee\" \/>\n<meta property=\"article:publisher\" content=\"https:\/\/www.facebook.com\/capillairelavallee\/\" \/>\n<meta property=\"article:modified_time\" content=\"2023-07-29T19:30:06+00:00\" \/>\n<meta property=\"og:image\" content=\"https:\/\/capillairelavallee.com\/wp-content\/uploads\/2022\/02\/Carole4-1024x768.jpg\" \/>\n<meta name=\"twitter:card\" content=\"summary_large_image\" \/>\n<meta name=\"twitter:label1\" content=\"Estimation du temps de lecture\" \/>\n\t<meta name=\"twitter:data1\" content=\"1 minute\" \/>\n<script type=\"application\/ld+json\" class=\"yoast-schema-graph\">{\"@context\":\"https:\\\/\\\/schema.org\",\"@graph\":[{\"@type\":\"WebPage\",\"@id\":\"https:\\\/\\\/capillairelavallee.com\\\/about-carole\",\"url\":\"https:\\\/\\\/capillairelavallee.com\\\/about-carole\",\"name\":\"About Carole - Clinic Capillaire Lavallee\",\"isPartOf\":{\"@id\":\"https:\\\/\\\/capillairelavallee.com\\\/#website\"},\"primaryImageOfPage\":{\"@id\":\"https:\\\/\\\/capillairelavallee.com\\\/about-carole#primaryimage\"},\"image\":{\"@id\":\"https:\\\/\\\/capillairelavallee.com\\\/about-carole#primaryimage\"},\"thumbnailUrl\":\"https:\\\/\\\/capillairelavallee.com\\\/wp-content\\\/uploads\\\/2022\\\/02\\\/Carole4-1024x768.jpg\",\"datePublished\":\"2023-07-29T19:28:04+00:00\",\"dateModified\":\"2023-07-29T19:30:06+00:00\",\"breadcrumb\":{\"@id\":\"https:\\\/\\\/capillairelavallee.com\\\/about-carole#breadcrumb\"},\"inLanguage\":\"fr-CA\",\"potentialAction\":[{\"@type\":\"ReadAction\",\"target\":[\"https:\\\/\\\/capillairelavallee.com\\\/about-carole\"]}]},{\"@type\":\"ImageObject\",\"inLanguage\":\"fr-CA\",\"@id\":\"https:\\\/\\\/capillairelavallee.com\\\/about-carole#primaryimage\",\"url\":\"https:\\\/\\\/capillairelavallee.com\\\/wp-content\\\/uploads\\\/2022\\\/02\\\/Carole4-1024x768.jpg\",\"contentUrl\":\"https:\\\/\\\/capillairelavallee.com\\\/wp-content\\\/uploads\\\/2022\\\/02\\\/Carole4-1024x768.jpg\"},{\"@type\":\"BreadcrumbList\",\"@id\":\"https:\\\/\\\/capillairelavallee.com\\\/about-carole#breadcrumb\",\"itemListElement\":[{\"@type\":\"ListItem\",\"position\":1,\"name\":\"Home\",\"item\":\"https:\\\/\\\/capillairelavallee.com\\\/\"},{\"@type\":\"ListItem\",\"position\":2,\"name\":\"About Carole\"}]},{\"@type\":\"WebSite\",\"@id\":\"https:\\\/\\\/capillairelavallee.com\\\/#website\",\"url\":\"https:\\\/\\\/capillairelavallee.com\\\/\",\"name\":\"Clinic Capillaire Lavallee\",\"description\":\"Simply A Better Hair Shop\",\"publisher\":{\"@id\":\"https:\\\/\\\/capillairelavallee.com\\\/#organization\"},\"potentialAction\":[{\"@type\":\"SearchAction\",\"target\":{\"@type\":\"EntryPoint\",\"urlTemplate\":\"https:\\\/\\\/capillairelavallee.com\\\/?s={search_term_string}\"},\"query-input\":{\"@type\":\"PropertyValueSpecification\",\"valueRequired\":true,\"valueName\":\"search_term_string\"}}],\"inLanguage\":\"fr-CA\"},{\"@type\":\"Organization\",\"@id\":\"https:\\\/\\\/capillairelavallee.com\\\/#organization\",\"name\":\"Clinic Capillaire lavallee\",\"url\":\"https:\\\/\\\/capillairelavallee.com\\\/\",\"logo\":{\"@type\":\"ImageObject\",\"inLanguage\":\"fr-CA\",\"@id\":\"https:\\\/\\\/capillairelavallee.com\\\/#\\\/schema\\\/logo\\\/image\\\/\",\"url\":\"https:\\\/\\\/capillairelavallee.com\\\/wp-content\\\/uploads\\\/2022\\\/07\\\/logo4.png\",\"contentUrl\":\"https:\\\/\\\/capillairelavallee.com\\\/wp-content\\\/uploads\\\/2022\\\/07\\\/logo4.png\",\"width\":500,\"height\":500,\"caption\":\"Clinic Capillaire lavallee\"},\"image\":{\"@id\":\"https:\\\/\\\/capillairelavallee.com\\\/#\\\/schema\\\/logo\\\/image\\\/\"},\"sameAs\":[\"https:\\\/\\\/www.facebook.com\\\/capillairelavallee\\\/\"]}]}<\/script>\n<!-- \/ Yoast SEO plugin. -->","yoast_head_json":{"title":"About Carole - Clinic Capillaire Lavallee","robots":{"index":"index","follow":"follow","max-snippet":"max-snippet:-1","max-image-preview":"max-image-preview:large","max-video-preview":"max-video-preview:-1"},"canonical":"https:\/\/capillairelavallee.com\/fr\/a-propos-de-carole\/","og_locale":"fr_CA","og_type":"article","og_title":"About Carole - Clinic Capillaire Lavallee","og_description":"About Carole Carole Lavall\u00e9 Expert Hair Replacement Specialist, Synthetic Hair Specialist and Repairs Carole graduated in Hairdressing from Rolande St. Germain at 16 years old, and went on to work for some well known salons &#8211; Cameleon &amp; Danbec. 30 years ago, she materialized her passion and opened up her own salon &#8211; Carole Lavallee [&hellip;]","og_url":"https:\/\/capillairelavallee.com\/fr\/a-propos-de-carole\/","og_site_name":"Clinic Capillaire Lavallee","article_publisher":"https:\/\/www.facebook.com\/capillairelavallee\/","article_modified_time":"2023-07-29T19:30:06+00:00","og_image":[{"url":"https:\/\/capillairelavallee.com\/wp-content\/uploads\/2022\/02\/Carole4-1024x768.jpg","type":"","width":"","height":""}],"twitter_card":"summary_large_image","twitter_misc":{"Estimation du temps de lecture":"1 minute"},"schema":{"@context":"https:\/\/schema.org","@graph":[{"@type":"WebPage","@id":"https:\/\/capillairelavallee.com\/about-carole","url":"https:\/\/capillairelavallee.com\/about-carole","name":"About Carole - Clinic Capillaire Lavallee","isPartOf":{"@id":"https:\/\/capillairelavallee.com\/#website"},"primaryImageOfPage":{"@id":"https:\/\/capillairelavallee.com\/about-carole#primaryimage"},"image":{"@id":"https:\/\/capillairelavallee.com\/about-carole#primaryimage"},"thumbnailUrl":"https:\/\/capillairelavallee.com\/wp-content\/uploads\/2022\/02\/Carole4-1024x768.jpg","datePublished":"2023-07-29T19:28:04+00:00","dateModified":"2023-07-29T19:30:06+00:00","breadcrumb":{"@id":"https:\/\/capillairelavallee.com\/about-carole#breadcrumb"},"inLanguage":"fr-CA","potentialAction":[{"@type":"ReadAction","target":["https:\/\/capillairelavallee.com\/about-carole"]}]},{"@type":"ImageObject","inLanguage":"fr-CA","@id":"https:\/\/capillairelavallee.com\/about-carole#primaryimage","url":"https:\/\/capillairelavallee.com\/wp-content\/uploads\/2022\/02\/Carole4-1024x768.jpg","contentUrl":"https:\/\/capillairelavallee.com\/wp-content\/uploads\/2022\/02\/Carole4-1024x768.jpg"},{"@type":"BreadcrumbList","@id":"https:\/\/capillairelavallee.com\/about-carole#breadcrumb","itemListElement":[{"@type":"ListItem","position":1,"name":"Home","item":"https:\/\/capillairelavallee.com\/"},{"@type":"ListItem","position":2,"name":"About Carole"}]},{"@type":"WebSite","@id":"https:\/\/capillairelavallee.com\/#website","url":"https:\/\/capillairelavallee.com\/","name":"Clinic Capillaire Lavallee","description":"Simply A Better Hair Shop","publisher":{"@id":"https:\/\/capillairelavallee.com\/#organization"},"potentialAction":[{"@type":"SearchAction","target":{"@type":"EntryPoint","urlTemplate":"https:\/\/capillairelavallee.com\/?s={search_term_string}"},"query-input":{"@type":"PropertyValueSpecification","valueRequired":true,"valueName":"search_term_string"}}],"inLanguage":"fr-CA"},{"@type":"Organization","@id":"https:\/\/capillairelavallee.com\/#organization","name":"Clinic Capillaire lavallee","url":"https:\/\/capillairelavallee.com\/","logo":{"@type":"ImageObject","inLanguage":"fr-CA","@id":"https:\/\/capillairelavallee.com\/#\/schema\/logo\/image\/","url":"https:\/\/capillairelavallee.com\/wp-content\/uploads\/2022\/07\/logo4.png","contentUrl":"https:\/\/capillairelavallee.com\/wp-content\/uploads\/2022\/07\/logo4.png","width":500,"height":500,"caption":"Clinic Capillaire lavallee"},"image":{"@id":"https:\/\/capillairelavallee.com\/#\/schema\/logo\/image\/"},"sameAs":["https:\/\/www.facebook.com\/capillairelavallee\/"]}]}},"_links":{"self":[{"href":"https:\/\/capillairelavallee.com\/fr\/wp-json\/wp\/v2\/pages\/3464","targetHints":{"allow":["GET"]}}],"collection":[{"href":"https:\/\/capillairelavallee.com\/fr\/wp-json\/wp\/v2\/pages"}],"about":[{"href":"https:\/\/capillairelavallee.com\/fr\/wp-json\/wp\/v2\/types\/page"}],"author":[{"embeddable":true,"href":"https:\/\/capillairelavallee.com\/fr\/wp-json\/wp\/v2\/users\/1"}],"replies":[{"embeddable":true,"href":"https:\/\/capillairelavallee.com\/fr\/wp-json\/wp\/v2\/comments?post=3464"}],"version-history":[{"count":4,"href":"https:\/\/capillairelavallee.com\/fr\/wp-json\/wp\/v2\/pages\/3464\/revisions"}],"predecessor-version":[{"id":3468,"href":"https:\/\/capillairelavallee.com\/fr\/wp-json\/wp\/v2\/pages\/3464\/revisions\/3468"}],"wp:attachment":[{"href":"https:\/\/capillairelavallee.com\/fr\/wp-json\/wp\/v2\/media?parent=3464"}],"curies":[{"name":"wp","href":"https:\/\/api.w.org\/{rel}","templated":true}]}}