{"id":2383,"date":"2021-08-01T18:12:32","date_gmt":"2021-08-01T22:12:32","guid":{"rendered":"http:\/\/s278486114.onlinehome.us\/?page_id=2383"},"modified":"2021-08-01T19:33:26","modified_gmt":"2021-08-01T23:33:26","slug":"career","status":"publish","type":"page","link":"https:\/\/capillairelavallee.com\/fr\/carriere","title":{"rendered":"Carri\u00e8re"},"content":{"rendered":"<div data-elementor-type=\"wp-page\" data-elementor-id=\"2383\" class=\"elementor elementor-2383\">\n\t\t\t\t\t\t<section class=\"elementor-section elementor-top-section elementor-element elementor-element-55514d1 ct-section-stretched elementor-section-full_width elementor-section-height-default elementor-section-height-default\" data-id=\"55514d1\" data-element_type=\"section\" data-e-type=\"section\">\n\t\t\t\t\t\t<div class=\"elementor-container elementor-column-gap-default\">\n\t\t\t\t\t<div class=\"elementor-column elementor-col-100 elementor-top-column elementor-element elementor-element-bd0f468\" data-id=\"bd0f468\" data-element_type=\"column\" data-e-type=\"column\">\n\t\t\t<div class=\"elementor-widget-wrap elementor-element-populated\">\n\t\t\t\t\t\t<div class=\"elementor-element elementor-element-ba2b7d5 elementor-widget elementor-widget-image\" data-id=\"ba2b7d5\" data-element_type=\"widget\" data-e-type=\"widget\" data-widget_type=\"image.default\">\n\t\t\t\t<div class=\"elementor-widget-container\">\n\t\t\t\t\t\t\t\t\t\t\t\t\t\t\t<img fetchpriority=\"high\" decoding=\"async\" width=\"2560\" height=\"963\" src=\"https:\/\/capillairelavallee.com\/wp-content\/uploads\/2021\/07\/IMG_7917-scaled.jpg\" class=\"attachment-full size-full wp-image-2069\" alt=\"\" srcset=\"https:\/\/capillairelavallee.com\/wp-content\/uploads\/2021\/07\/IMG_7917-scaled.jpg 2560w, https:\/\/capillairelavallee.com\/wp-content\/uploads\/2021\/07\/IMG_7917-300x113.jpg 300w, https:\/\/capillairelavallee.com\/wp-content\/uploads\/2021\/07\/IMG_7917-1024x385.jpg 1024w, https:\/\/capillairelavallee.com\/wp-content\/uploads\/2021\/07\/IMG_7917-768x289.jpg 768w, https:\/\/capillairelavallee.com\/wp-content\/uploads\/2021\/07\/IMG_7917-1536x578.jpg 1536w, https:\/\/capillairelavallee.com\/wp-content\/uploads\/2021\/07\/IMG_7917-2048x770.jpg 2048w, https:\/\/capillairelavallee.com\/wp-content\/uploads\/2021\/07\/IMG_7917-16x6.jpg 16w\" sizes=\"(max-width: 2560px) 100vw, 2560px\" \/>\t\t\t\t\t\t\t\t\t\t\t\t\t\t\t<\/div>\n\t\t\t\t<\/div>\n\t\t\t\t\t<\/div>\n\t\t<\/div>\n\t\t\t\t\t<\/div>\n\t\t<\/section>\n\t\t\t\t<section class=\"elementor-section elementor-top-section elementor-element elementor-element-2d9370b elementor-section-boxed elementor-section-height-default elementor-section-height-default\" data-id=\"2d9370b\" data-element_type=\"section\" data-e-type=\"section\">\n\t\t\t\t\t\t<div class=\"elementor-container elementor-column-gap-default\">\n\t\t\t\t\t<div class=\"elementor-column elementor-col-100 elementor-top-column elementor-element elementor-element-f557c0b\" data-id=\"f557c0b\" data-element_type=\"column\" data-e-type=\"column\">\n\t\t\t<div class=\"elementor-widget-wrap elementor-element-populated\">\n\t\t\t\t\t\t<div class=\"elementor-element elementor-element-ea432b6 elementor-widget elementor-widget-text-editor\" data-id=\"ea432b6\" data-element_type=\"widget\" data-e-type=\"widget\" data-widget_type=\"text-editor.default\">\n\t\t\t\t<div class=\"elementor-widget-container\">\n\t\t\t\t\t\t\t\t\t<p>Nous sommes \u00e0 la recherche de personnes ayant de l'exp\u00e9rience dans le domaine du remplacement capillaire ou de stylistes dans des salons conventionnels d\u00e9sireux d'apprendre la sp\u00e9cialisation qu'est le remplacement capillaire. Formation fournis sur place.<\/p>\t\t\t\t\t\t\t\t<\/div>\n\t\t\t\t<\/div>\n\t\t\t\t<div class=\"elementor-element elementor-element-4f06790 elementor-widget elementor-widget-text-editor\" data-id=\"4f06790\" data-element_type=\"widget\" data-e-type=\"widget\" data-widget_type=\"text-editor.default\">\n\t\t\t\t<div class=\"elementor-widget-container\">\n\t\t\t\t\t\t\t\t\t<p>Responsabilit\u00e9s de l'emploi<\/p><ul><li>Vouloir apprendre les diff\u00e9rents aspects du remplacement capillaire et effectuez toutes les t\u00e2ches en lien avec le monde de la coiffure incluant, mais sans s'y limiter, la coupe, la teinte et les traitements du cuir chevelu<\/li><li>Maintenir l'aire de travail, les outils ainsi que l'\u00e9quipement propre<\/li><li>Fournir un service \u00e0 la client\u00e8le hors pair<\/li><\/ul>\t\t\t\t\t\t\t\t<\/div>\n\t\t\t\t<\/div>\n\t\t\t\t<div class=\"elementor-element elementor-element-8391084 elementor-widget elementor-widget-text-editor\" data-id=\"8391084\" data-element_type=\"widget\" data-e-type=\"widget\" data-widget_type=\"text-editor.default\">\n\t\t\t\t<div class=\"elementor-widget-container\">\n\t\t\t\t\t\t\t\t\t<p>Comp\u00e9tences Requises<\/p><ul><li><span style=\"font-size: inherit; text-align: inherit; background-color: var(--has-background, var(--background-color)); color: var(--color); font-family: var(--fontFamily); font-style: var(--fontStyle, inherit); font-weight: var(--fontWeight); letter-spacing: var(--letterSpacing); text-transform: var(--textTransform);\">Un minimum de trois ans d'exp\u00e9rience en coiffure. De l'exp\u00e9rience dans le domaine du remplacement capillaire, un avantage<\/span><\/li><li><span style=\"font-size: inherit; text-align: inherit; background-color: var(--has-background, var(--background-color)); color: var(--color); font-family: var(--fontFamily); font-style: var(--fontStyle, inherit); font-weight: var(--fontWeight); letter-spacing: var(--letterSpacing); text-transform: var(--textTransform);\">Connaissance du Fran\u00e7ais et de l'Anglais<\/span><\/li><\/ul>\t\t\t\t\t\t\t\t<\/div>\n\t\t\t\t<\/div>\n\t\t\t\t\t<\/div>\n\t\t<\/div>\n\t\t\t\t\t<\/div>\n\t\t<\/section>\n\t\t\t\t<\/div>","protected":false},"excerpt":{"rendered":"<p>We are seeking motivated experienced hair replacement stylist or regular stylist with the desire to move from a regular salon setting to be trained in the specialty of hair replacement.\u00a0On-site training will be provided Job Responsibilities Willingness to learn all aspects of hair replacement and perform all hair services including but not limited to cuts, [&hellip;]<\/p>\n","protected":false},"author":1,"featured_media":0,"parent":0,"menu_order":0,"comment_status":"closed","ping_status":"closed","template":"elementor_header_footer","meta":{"iawp_total_views":320,"footnotes":""},"class_list":["post-2383","page","type-page","status-publish","hentry"],"blocksy_meta":{"styles_descriptor":{"styles":{"desktop":"","tablet":"","mobile":""},"google_fonts":[],"version":6}},"yoast_head":"<!-- This site is optimized with the Yoast SEO plugin v27.4 - https:\/\/yoast.com\/product\/yoast-seo-wordpress\/ -->\n<title>Career - Clinic Capillaire Lavallee<\/title>\n<meta name=\"robots\" content=\"index, follow, max-snippet:-1, max-image-preview:large, max-video-preview:-1\" \/>\n<link rel=\"canonical\" href=\"https:\/\/capillairelavallee.com\/fr\/carriere\/\" \/>\n<meta property=\"og:locale\" content=\"fr_CA\" \/>\n<meta property=\"og:type\" content=\"article\" \/>\n<meta property=\"og:title\" content=\"Career - Clinic Capillaire Lavallee\" \/>\n<meta property=\"og:description\" content=\"We are seeking motivated experienced hair replacement stylist or regular stylist with the desire to move from a regular salon setting to be trained in the specialty of hair replacement.\u00a0On-site training will be provided Job Responsibilities Willingness to learn all aspects of hair replacement and perform all hair services including but not limited to cuts, [&hellip;]\" \/>\n<meta property=\"og:url\" content=\"https:\/\/capillairelavallee.com\/fr\/carriere\/\" \/>\n<meta property=\"og:site_name\" content=\"Clinic Capillaire Lavallee\" \/>\n<meta property=\"article:publisher\" content=\"https:\/\/www.facebook.com\/capillairelavallee\/\" \/>\n<meta property=\"article:modified_time\" content=\"2021-08-01T23:33:26+00:00\" \/>\n<meta property=\"og:image\" content=\"http:\/\/s278486114.onlinehome.us\/wp-content\/uploads\/2021\/07\/IMG_7917-scaled.jpg\" \/>\n<meta name=\"twitter:card\" content=\"summary_large_image\" \/>\n<script type=\"application\/ld+json\" class=\"yoast-schema-graph\">{\"@context\":\"https:\\\/\\\/schema.org\",\"@graph\":[{\"@type\":\"WebPage\",\"@id\":\"https:\\\/\\\/capillairelavallee.com\\\/career\",\"url\":\"https:\\\/\\\/capillairelavallee.com\\\/career\",\"name\":\"Career - Clinic Capillaire Lavallee\",\"isPartOf\":{\"@id\":\"https:\\\/\\\/capillairelavallee.com\\\/#website\"},\"primaryImageOfPage\":{\"@id\":\"https:\\\/\\\/capillairelavallee.com\\\/career#primaryimage\"},\"image\":{\"@id\":\"https:\\\/\\\/capillairelavallee.com\\\/career#primaryimage\"},\"thumbnailUrl\":\"http:\\\/\\\/s278486114.onlinehome.us\\\/wp-content\\\/uploads\\\/2021\\\/07\\\/IMG_7917-scaled.jpg\",\"datePublished\":\"2021-08-01T22:12:32+00:00\",\"dateModified\":\"2021-08-01T23:33:26+00:00\",\"breadcrumb\":{\"@id\":\"https:\\\/\\\/capillairelavallee.com\\\/career#breadcrumb\"},\"inLanguage\":\"fr-CA\",\"potentialAction\":[{\"@type\":\"ReadAction\",\"target\":[\"https:\\\/\\\/capillairelavallee.com\\\/career\"]}]},{\"@type\":\"ImageObject\",\"inLanguage\":\"fr-CA\",\"@id\":\"https:\\\/\\\/capillairelavallee.com\\\/career#primaryimage\",\"url\":\"http:\\\/\\\/s278486114.onlinehome.us\\\/wp-content\\\/uploads\\\/2021\\\/07\\\/IMG_7917-scaled.jpg\",\"contentUrl\":\"http:\\\/\\\/s278486114.onlinehome.us\\\/wp-content\\\/uploads\\\/2021\\\/07\\\/IMG_7917-scaled.jpg\"},{\"@type\":\"BreadcrumbList\",\"@id\":\"https:\\\/\\\/capillairelavallee.com\\\/career#breadcrumb\",\"itemListElement\":[{\"@type\":\"ListItem\",\"position\":1,\"name\":\"Home\",\"item\":\"https:\\\/\\\/capillairelavallee.com\\\/\"},{\"@type\":\"ListItem\",\"position\":2,\"name\":\"Career\"}]},{\"@type\":\"WebSite\",\"@id\":\"https:\\\/\\\/capillairelavallee.com\\\/#website\",\"url\":\"https:\\\/\\\/capillairelavallee.com\\\/\",\"name\":\"Clinic Capillaire Lavallee\",\"description\":\"Simply A Better Hair Shop\",\"publisher\":{\"@id\":\"https:\\\/\\\/capillairelavallee.com\\\/#organization\"},\"potentialAction\":[{\"@type\":\"SearchAction\",\"target\":{\"@type\":\"EntryPoint\",\"urlTemplate\":\"https:\\\/\\\/capillairelavallee.com\\\/?s={search_term_string}\"},\"query-input\":{\"@type\":\"PropertyValueSpecification\",\"valueRequired\":true,\"valueName\":\"search_term_string\"}}],\"inLanguage\":\"fr-CA\"},{\"@type\":\"Organization\",\"@id\":\"https:\\\/\\\/capillairelavallee.com\\\/#organization\",\"name\":\"Clinic Capillaire lavallee\",\"url\":\"https:\\\/\\\/capillairelavallee.com\\\/\",\"logo\":{\"@type\":\"ImageObject\",\"inLanguage\":\"fr-CA\",\"@id\":\"https:\\\/\\\/capillairelavallee.com\\\/#\\\/schema\\\/logo\\\/image\\\/\",\"url\":\"https:\\\/\\\/capillairelavallee.com\\\/wp-content\\\/uploads\\\/2022\\\/07\\\/logo4.png\",\"contentUrl\":\"https:\\\/\\\/capillairelavallee.com\\\/wp-content\\\/uploads\\\/2022\\\/07\\\/logo4.png\",\"width\":500,\"height\":500,\"caption\":\"Clinic Capillaire lavallee\"},\"image\":{\"@id\":\"https:\\\/\\\/capillairelavallee.com\\\/#\\\/schema\\\/logo\\\/image\\\/\"},\"sameAs\":[\"https:\\\/\\\/www.facebook.com\\\/capillairelavallee\\\/\"]}]}<\/script>\n<!-- \/ Yoast SEO plugin. -->","yoast_head_json":{"title":"Career - Clinic Capillaire Lavallee","robots":{"index":"index","follow":"follow","max-snippet":"max-snippet:-1","max-image-preview":"max-image-preview:large","max-video-preview":"max-video-preview:-1"},"canonical":"https:\/\/capillairelavallee.com\/fr\/carriere\/","og_locale":"fr_CA","og_type":"article","og_title":"Career - Clinic Capillaire Lavallee","og_description":"We are seeking motivated experienced hair replacement stylist or regular stylist with the desire to move from a regular salon setting to be trained in the specialty of hair replacement.\u00a0On-site training will be provided Job Responsibilities Willingness to learn all aspects of hair replacement and perform all hair services including but not limited to cuts, [&hellip;]","og_url":"https:\/\/capillairelavallee.com\/fr\/carriere\/","og_site_name":"Clinic Capillaire Lavallee","article_publisher":"https:\/\/www.facebook.com\/capillairelavallee\/","article_modified_time":"2021-08-01T23:33:26+00:00","og_image":[{"url":"http:\/\/s278486114.onlinehome.us\/wp-content\/uploads\/2021\/07\/IMG_7917-scaled.jpg","type":"","width":"","height":""}],"twitter_card":"summary_large_image","schema":{"@context":"https:\/\/schema.org","@graph":[{"@type":"WebPage","@id":"https:\/\/capillairelavallee.com\/career","url":"https:\/\/capillairelavallee.com\/career","name":"Career - Clinic Capillaire Lavallee","isPartOf":{"@id":"https:\/\/capillairelavallee.com\/#website"},"primaryImageOfPage":{"@id":"https:\/\/capillairelavallee.com\/career#primaryimage"},"image":{"@id":"https:\/\/capillairelavallee.com\/career#primaryimage"},"thumbnailUrl":"http:\/\/s278486114.onlinehome.us\/wp-content\/uploads\/2021\/07\/IMG_7917-scaled.jpg","datePublished":"2021-08-01T22:12:32+00:00","dateModified":"2021-08-01T23:33:26+00:00","breadcrumb":{"@id":"https:\/\/capillairelavallee.com\/career#breadcrumb"},"inLanguage":"fr-CA","potentialAction":[{"@type":"ReadAction","target":["https:\/\/capillairelavallee.com\/career"]}]},{"@type":"ImageObject","inLanguage":"fr-CA","@id":"https:\/\/capillairelavallee.com\/career#primaryimage","url":"http:\/\/s278486114.onlinehome.us\/wp-content\/uploads\/2021\/07\/IMG_7917-scaled.jpg","contentUrl":"http:\/\/s278486114.onlinehome.us\/wp-content\/uploads\/2021\/07\/IMG_7917-scaled.jpg"},{"@type":"BreadcrumbList","@id":"https:\/\/capillairelavallee.com\/career#breadcrumb","itemListElement":[{"@type":"ListItem","position":1,"name":"Home","item":"https:\/\/capillairelavallee.com\/"},{"@type":"ListItem","position":2,"name":"Career"}]},{"@type":"WebSite","@id":"https:\/\/capillairelavallee.com\/#website","url":"https:\/\/capillairelavallee.com\/","name":"Clinic Capillaire Lavallee","description":"Simply A Better Hair Shop","publisher":{"@id":"https:\/\/capillairelavallee.com\/#organization"},"potentialAction":[{"@type":"SearchAction","target":{"@type":"EntryPoint","urlTemplate":"https:\/\/capillairelavallee.com\/?s={search_term_string}"},"query-input":{"@type":"PropertyValueSpecification","valueRequired":true,"valueName":"search_term_string"}}],"inLanguage":"fr-CA"},{"@type":"Organization","@id":"https:\/\/capillairelavallee.com\/#organization","name":"Clinic Capillaire lavallee","url":"https:\/\/capillairelavallee.com\/","logo":{"@type":"ImageObject","inLanguage":"fr-CA","@id":"https:\/\/capillairelavallee.com\/#\/schema\/logo\/image\/","url":"https:\/\/capillairelavallee.com\/wp-content\/uploads\/2022\/07\/logo4.png","contentUrl":"https:\/\/capillairelavallee.com\/wp-content\/uploads\/2022\/07\/logo4.png","width":500,"height":500,"caption":"Clinic Capillaire lavallee"},"image":{"@id":"https:\/\/capillairelavallee.com\/#\/schema\/logo\/image\/"},"sameAs":["https:\/\/www.facebook.com\/capillairelavallee\/"]}]}},"_links":{"self":[{"href":"https:\/\/capillairelavallee.com\/fr\/wp-json\/wp\/v2\/pages\/2383","targetHints":{"allow":["GET"]}}],"collection":[{"href":"https:\/\/capillairelavallee.com\/fr\/wp-json\/wp\/v2\/pages"}],"about":[{"href":"https:\/\/capillairelavallee.com\/fr\/wp-json\/wp\/v2\/types\/page"}],"author":[{"embeddable":true,"href":"https:\/\/capillairelavallee.com\/fr\/wp-json\/wp\/v2\/users\/1"}],"replies":[{"embeddable":true,"href":"https:\/\/capillairelavallee.com\/fr\/wp-json\/wp\/v2\/comments?post=2383"}],"version-history":[{"count":11,"href":"https:\/\/capillairelavallee.com\/fr\/wp-json\/wp\/v2\/pages\/2383\/revisions"}],"predecessor-version":[{"id":2831,"href":"https:\/\/capillairelavallee.com\/fr\/wp-json\/wp\/v2\/pages\/2383\/revisions\/2831"}],"wp:attachment":[{"href":"https:\/\/capillairelavallee.com\/fr\/wp-json\/wp\/v2\/media?parent=2383"}],"curies":[{"name":"wp","href":"https:\/\/api.w.org\/{rel}","templated":true}]}}